{"id":1017,"date":"2023-08-10T10:12:37","date_gmt":"2023-08-10T08:12:37","guid":{"rendered":"https:\/\/silownia-walbrzych.pl\/?page_id=1017"},"modified":"2023-08-10T10:17:22","modified_gmt":"2023-08-10T08:17:22","slug":"sylwia-parfienczyk-2","status":"publish","type":"page","link":"https:\/\/silownia-walbrzych.pl\/?page_id=1017","title":{"rendered":"Sylwia Parfie\u0144czyk"},"content":{"rendered":"\t\t<div data-elementor-type=\"wp-page\" data-elementor-id=\"1017\" class=\"elementor elementor-1017\" data-elementor-settings=\"[]\">\n\t\t\t\t\t\t<div class=\"elementor-inner\">\n\t\t\t\t\t\t\t<div class=\"elementor-section-wrap\">\n\t\t\t\t\t\t\t<section class=\"elementor-section elementor-top-section elementor-element elementor-element-db6ac3a elementor-section-boxed elementor-section-height-default elementor-section-height-default\" data-id=\"db6ac3a\" data-element_type=\"section\">\n\t\t\t\t\t\t<div class=\"elementor-container elementor-column-gap-default\">\n\t\t\t\t\t\t\t<div class=\"elementor-row\">\n\t\t\t\t\t<div class=\"elementor-column elementor-col-100 elementor-top-column elementor-element elementor-element-e7b9af4\" data-id=\"e7b9af4\" data-element_type=\"column\">\n\t\t\t<div class=\"elementor-column-wrap\">\n\t\t\t\t\t\t\t<div class=\"elementor-widget-wrap\">\n\t\t\t\t\t\t\t\t<\/div>\n\t\t\t\t\t<\/div>\n\t\t<\/div>\n\t\t\t\t\t\t\t\t<\/div>\n\t\t\t\t\t<\/div>\n\t\t<\/section>\n\t\t\t\t<section class=\"elementor-section elementor-top-section elementor-element elementor-element-5648443 elementor-section-boxed elementor-section-height-default elementor-section-height-default\" data-id=\"5648443\" data-element_type=\"section\">\n\t\t\t\t\t\t<div class=\"elementor-container elementor-column-gap-default\">\n\t\t\t\t\t\t\t<div class=\"elementor-row\">\n\t\t\t\t\t<div class=\"elementor-column elementor-col-100 elementor-top-column elementor-element elementor-element-1f08c3c\" data-id=\"1f08c3c\" data-element_type=\"column\">\n\t\t\t<div class=\"elementor-column-wrap elementor-element-populated\">\n\t\t\t\t\t\t\t<div class=\"elementor-widget-wrap\">\n\t\t\t\t\t\t<div class=\"elementor-element elementor-element-4761181 elementor-widget elementor-widget-text-editor\" data-id=\"4761181\" data-element_type=\"widget\" data-widget_type=\"text-editor.default\">\n\t\t\t\t<div class=\"elementor-widget-container\">\n\t\t\t\t\t\t\t\t<div class=\"elementor-text-editor elementor-clearfix\">\n\t\t\t\t\t<div class=\"elementor-element elementor-element-098768f ob-harakiri-inherit ob-has-background-overlay elementor-widget elementor-widget-text-editor ob-harakiri\" data-id=\"098768f\" data-element_type=\"widget\" data-settings=\"{&quot;_ob_use_harakiri&quot;:&quot;yes&quot;,&quot;_ob_harakiri_writing_mode&quot;:&quot;inherit&quot;,&quot;_ob_postman_use&quot;:&quot;no&quot;,&quot;_ob_widget_stalker_use&quot;:&quot;no&quot;,&quot;_ob_poopart_use&quot;:&quot;yes&quot;,&quot;_ob_shadough_use&quot;:&quot;no&quot;,&quot;_ob_allow_hoveranimator&quot;:&quot;no&quot;}\" data-widget_type=\"text-editor.default\"><div class=\"elementor-widget-container\"><p>Czy od dziecka jestem zapalonym sportowcem?<br \/>Nie, nie jest tak w moim przypadku\u2026<br \/>Ruch? Nie by\u0142 mi obcy, ale wszystkie aktywno\u015bci jakie sobie wyszuka\u0142am w wi\u0119kszo\u015bci ko\u0144czy\u0142y si\u0119 s\u0142omianym zapa\u0142em\u2026<\/p><\/div><\/div><div class=\"elementor-element elementor-element-75b91fd ob-harakiri-inherit ob-has-background-overlay elementor-widget elementor-widget-text-editor ob-harakiri\" data-id=\"75b91fd\" data-element_type=\"widget\" data-settings=\"{&quot;_ob_use_harakiri&quot;:&quot;yes&quot;,&quot;_ob_harakiri_writing_mode&quot;:&quot;inherit&quot;,&quot;_ob_postman_use&quot;:&quot;no&quot;,&quot;_ob_widget_stalker_use&quot;:&quot;no&quot;,&quot;_ob_poopart_use&quot;:&quot;yes&quot;,&quot;_ob_shadough_use&quot;:&quot;no&quot;,&quot;_ob_allow_hoveranimator&quot;:&quot;no&quot;}\" data-widget_type=\"text-editor.default\"><div class=\"elementor-widget-container\"><p>Pracuje w zawodzie trenera personalnego od 2021 roku, czynnie bior\u0119 udzia\u0142 w szkoleniach treningowych i dietetycznych aby zwi\u0119kszy\u0107 poziom wiedzy. Pasja daje mi mo\u017cliwo\u015b\u0107 ukierunkowania Was, zaproponowania rozwi\u0105zania, odwiedzenia od niem\u0105drych pomys\u0142\u00f3w oraz pomocy w zmianie sylwetek na lepsze.<\/p><\/div><\/div><div class=\"elementor-element elementor-element-e70cff6 ob-harakiri-inherit ob-has-background-overlay elementor-widget elementor-widget-text-editor ob-harakiri\" data-id=\"e70cff6\" data-element_type=\"widget\" data-settings=\"{&quot;_ob_use_harakiri&quot;:&quot;yes&quot;,&quot;_ob_harakiri_writing_mode&quot;:&quot;inherit&quot;,&quot;_ob_postman_use&quot;:&quot;no&quot;,&quot;_ob_widget_stalker_use&quot;:&quot;no&quot;,&quot;_ob_poopart_use&quot;:&quot;yes&quot;,&quot;_ob_shadough_use&quot;:&quot;no&quot;,&quot;_ob_allow_hoveranimator&quot;:&quot;no&quot;}\" data-widget_type=\"text-editor.default\"><div class=\"elementor-widget-container\"><p>Wzloty i upadki mojej formy, zmotywowa\u0142y mnie do szukania informacji i poszerzania wiedzy. Certyfikowane szkolenia u najlepszych w kraju, do\u015bwiadczenia na w\u0142asnej sk\u00f3rze oraz<br \/>wnioski kt\u00f3re wyci\u0105ga\u0142am stworzy\u0142y ch\u0119\u0107, pomocy wszystkim, kt\u00f3rzy chc\u0105 poprawi\u0107 funkcjonowanie swojego organizmu oraz zmieni\u0107 swoj\u0105 sylwetk\u0119. Ostatecznie zdrowy styl \u017cycia sta\u0142 si\u0119 moim sposobem na \u017cycie.<\/p><div class=\"elementor-element elementor-element-8f14b9c ob-harakiri-inherit ob-has-background-overlay elementor-widget elementor-widget-heading ob-harakiri\" data-id=\"8f14b9c\" data-element_type=\"widget\" data-settings=\"{&quot;_animation_mobile&quot;:&quot;none&quot;,&quot;_ob_use_harakiri&quot;:&quot;yes&quot;,&quot;_ob_harakiri_writing_mode&quot;:&quot;inherit&quot;,&quot;_ob_harakiri_text_clip&quot;:&quot;none&quot;,&quot;_ob_widget_stalker_use&quot;:&quot;no&quot;,&quot;_ob_poopart_use&quot;:&quot;yes&quot;,&quot;_ob_shadough_use&quot;:&quot;no&quot;,&quot;_ob_allow_hoveranimator&quot;:&quot;no&quot;}\" data-widget_type=\"heading.default\"><div class=\"elementor-widget-container\"><h6 class=\"elementor-heading-title elementor-size-default\">Zaufaj profesjonali\u015bcie<\/h6><h6 class=\"elementor-heading-title elementor-size-default\">Zaanga\u017cowanie:<\/h6><\/div><\/div><div class=\"elementor-element elementor-element-62a54d8 elementor-position-left elementor-widget__width-initial elementor-view-default elementor-mobile-position-top elementor-vertical-align-top ob-has-background-overlay elementor-widget elementor-widget-icon-box\" data-id=\"62a54d8\" data-element_type=\"widget\" data-settings=\"{&quot;_animation_mobile&quot;:&quot;none&quot;,&quot;_ob_widget_stalker_use&quot;:&quot;no&quot;,&quot;_ob_poopart_use&quot;:&quot;yes&quot;,&quot;_ob_shadough_use&quot;:&quot;no&quot;,&quot;_ob_allow_hoveranimator&quot;:&quot;no&quot;}\" data-widget_type=\"icon-box.default\"><div class=\"elementor-widget-container\"><div class=\"elementor-icon-box-wrapper\"><div class=\"elementor-icon-box-content\"><p class=\"elementor-icon-box-description\">Trening dobrany pod Twoje potrzeby, jak i mo\u017cliwo\u015bci<\/p><div class=\"elementor-element elementor-element-8c7997c ob-has-background-overlay elementor-widget elementor-widget-heading\" data-id=\"8c7997c\" data-element_type=\"widget\" data-settings=\"{&quot;_ob_widget_stalker_use&quot;:&quot;no&quot;,&quot;_ob_poopart_use&quot;:&quot;yes&quot;,&quot;_ob_shadough_use&quot;:&quot;no&quot;,&quot;_ob_allow_hoveranimator&quot;:&quot;no&quot;}\" data-widget_type=\"heading.default\"><div class=\"elementor-widget-container\"><h4>\u00a0<\/h4><h4 class=\"elementor-heading-title elementor-size-default\">Certyfikowany Trener Personalny<\/h4><\/div><\/div><div class=\"elementor-element elementor-element-2153c22 ob-has-background-overlay elementor-widget elementor-widget-heading\" data-id=\"2153c22\" data-element_type=\"widget\" data-settings=\"{&quot;_ob_widget_stalker_use&quot;:&quot;no&quot;,&quot;_ob_poopart_use&quot;:&quot;yes&quot;,&quot;_ob_shadough_use&quot;:&quot;no&quot;,&quot;_ob_allow_hoveranimator&quot;:&quot;no&quot;}\" data-widget_type=\"heading.default\"><div class=\"elementor-widget-container\"><h4 class=\"elementor-heading-title elementor-size-default\">Mistrzyni Polski w Bikini Fitness oraz br\u0105zowa medalistka Mistrzostw Europy<\/h4><\/div><\/div><\/div><\/div><\/div><\/div><\/div><\/div>\t\t\t\t\t<\/div>\n\t\t\t\t\t\t<\/div>\n\t\t\t\t<\/div>\n\t\t\t\t\t\t<\/div>\n\t\t\t\t\t<\/div>\n\t\t<\/div>\n\t\t\t\t\t\t\t\t<\/div>\n\t\t\t\t\t<\/div>\n\t\t<\/section>\n\t\t\t\t\t\t<\/div>\n\t\t\t\t\t\t<\/div>\n\t\t\t\t\t<\/div>\n\t\t","protected":false},"excerpt":{"rendered":"<p>Czy od dziecka jestem zapalonym sportowcem?Nie, nie jest tak w moim przypadku\u2026Ruch? Nie by\u0142 mi obcy, ale wszystkie aktywno\u015bci jakie sobie wyszuka\u0142am w wi\u0119kszo\u015bci ko\u0144czy\u0142y si\u0119 s\u0142omianym zapa\u0142em\u2026 Pracuje w zawodzie trenera<a class=\"moretag\" href=\"https:\/\/silownia-walbrzych.pl\/?page_id=1017\">Read More&#8230;<\/a><\/p>\n","protected":false},"author":1,"featured_media":0,"parent":0,"menu_order":0,"comment_status":"closed","ping_status":"closed","template":"","meta":[],"_links":{"self":[{"href":"https:\/\/silownia-walbrzych.pl\/index.php?rest_route=\/wp\/v2\/pages\/1017"}],"collection":[{"href":"https:\/\/silownia-walbrzych.pl\/index.php?rest_route=\/wp\/v2\/pages"}],"about":[{"href":"https:\/\/silownia-walbrzych.pl\/index.php?rest_route=\/wp\/v2\/types\/page"}],"author":[{"embeddable":true,"href":"https:\/\/silownia-walbrzych.pl\/index.php?rest_route=\/wp\/v2\/users\/1"}],"replies":[{"embeddable":true,"href":"https:\/\/silownia-walbrzych.pl\/index.php?rest_route=%2Fwp%2Fv2%2Fcomments&post=1017"}],"version-history":[{"count":4,"href":"https:\/\/silownia-walbrzych.pl\/index.php?rest_route=\/wp\/v2\/pages\/1017\/revisions"}],"predecessor-version":[{"id":1025,"href":"https:\/\/silownia-walbrzych.pl\/index.php?rest_route=\/wp\/v2\/pages\/1017\/revisions\/1025"}],"wp:attachment":[{"href":"https:\/\/silownia-walbrzych.pl\/index.php?rest_route=%2Fwp%2Fv2%2Fmedia&parent=1017"}],"curies":[{"name":"wp","href":"https:\/\/api.w.org\/{rel}","templated":true}]}}