{"id":957,"date":"2022-09-26T13:15:25","date_gmt":"2022-09-26T11:15:25","guid":{"rendered":"http:\/\/silownia-walbrzych.pl\/?page_id=957"},"modified":"2022-09-26T13:16:24","modified_gmt":"2022-09-26T11:16:24","slug":"elementor-957","status":"publish","type":"page","link":"https:\/\/silownia-walbrzych.pl\/?page_id=957","title":{"rendered":"Elementor #957"},"content":{"rendered":"\t\t<div data-elementor-type=\"wp-page\" data-elementor-id=\"957\" class=\"elementor elementor-957\" data-elementor-settings=\"[]\">\n\t\t\t\t\t\t<div class=\"elementor-inner\">\n\t\t\t\t\t\t\t<div class=\"elementor-section-wrap\">\n\t\t\t\t\t\t\t<section class=\"elementor-section elementor-top-section elementor-element elementor-element-7723450 elementor-section-boxed elementor-section-height-default elementor-section-height-default\" data-id=\"7723450\" data-element_type=\"section\">\n\t\t\t\t\t\t<div class=\"elementor-container elementor-column-gap-default\">\n\t\t\t\t\t\t\t<div class=\"elementor-row\">\n\t\t\t\t\t<div class=\"elementor-column elementor-col-100 elementor-top-column elementor-element elementor-element-8d59b11\" data-id=\"8d59b11\" data-element_type=\"column\">\n\t\t\t<div class=\"elementor-column-wrap elementor-element-populated\">\n\t\t\t\t\t\t\t<div class=\"elementor-widget-wrap\">\n\t\t\t\t\t\t<section class=\"elementor-section elementor-inner-section elementor-element elementor-element-b348169 elementor-section-boxed elementor-section-height-default elementor-section-height-default\" data-id=\"b348169\" data-element_type=\"section\">\n\t\t\t\t\t\t<div class=\"elementor-container elementor-column-gap-default\">\n\t\t\t\t\t\t\t<div class=\"elementor-row\">\n\t\t\t\t\t<div class=\"elementor-column elementor-col-50 elementor-inner-column elementor-element elementor-element-d4f3b7d\" data-id=\"d4f3b7d\" data-element_type=\"column\">\n\t\t\t<div class=\"elementor-column-wrap\">\n\t\t\t\t\t\t\t<div class=\"elementor-widget-wrap\">\n\t\t\t\t\t\t\t\t<\/div>\n\t\t\t\t\t<\/div>\n\t\t<\/div>\n\t\t\t\t<div class=\"elementor-column elementor-col-50 elementor-inner-column elementor-element elementor-element-d4695f6\" data-id=\"d4695f6\" data-element_type=\"column\">\n\t\t\t<div class=\"elementor-column-wrap\">\n\t\t\t\t\t\t\t<div class=\"elementor-widget-wrap\">\n\t\t\t\t\t\t\t\t<\/div>\n\t\t\t\t\t<\/div>\n\t\t<\/div>\n\t\t\t\t\t\t\t\t<\/div>\n\t\t\t\t\t<\/div>\n\t\t<\/section>\n\t\t\t\t\t\t<\/div>\n\t\t\t\t\t<\/div>\n\t\t<\/div>\n\t\t\t\t\t\t\t\t<\/div>\n\t\t\t\t\t<\/div>\n\t\t<\/section>\n\t\t\t\t<section class=\"elementor-section elementor-top-section elementor-element elementor-element-8e11331 elementor-section-boxed elementor-section-height-default elementor-section-height-default\" data-id=\"8e11331\" data-element_type=\"section\">\n\t\t\t\t\t\t<div class=\"elementor-container elementor-column-gap-default\">\n\t\t\t\t\t\t\t<div class=\"elementor-row\">\n\t\t\t\t\t<div class=\"elementor-column elementor-col-100 elementor-top-column elementor-element elementor-element-740ca85\" data-id=\"740ca85\" data-element_type=\"column\">\n\t\t\t<div class=\"elementor-column-wrap elementor-element-populated\">\n\t\t\t\t\t\t\t<div class=\"elementor-widget-wrap\">\n\t\t\t\t\t\t<div class=\"elementor-element elementor-element-b1ef9f4 elementor-widget elementor-widget-text-editor\" data-id=\"b1ef9f4\" data-element_type=\"widget\" data-widget_type=\"text-editor.default\">\n\t\t\t\t<div class=\"elementor-widget-container\">\n\t\t\t\t\t\t\t\t<div class=\"elementor-text-editor elementor-clearfix\">\n\t\t\t\t\t<h5 class=\"kt-adv-heading_d342a1-85 wp-block-kadence-advancedheading\" data-kb-block=\"kb-adv-heading_d342a1-85\">Polityka prywatno\u015bci<\/h5><h5 class=\"kt-adv-heading_d342a1-85 wp-block-kadence-advancedheading\" data-kb-block=\"kb-adv-heading_d342a1-85\"><br><\/h5><h5 class=\"kt-adv-heading_d342a1-85 wp-block-kadence-advancedheading\" data-kb-block=\"kb-adv-heading_d342a1-85\">Dbamy o Twoj\u0105 prywatno\u015b\u0107 i chcemy, aby\u015b w czasie korzystania z naszych us\u0142ug czu\u0142 si\u0119 komfortowo. Dlatego<br>te\u017c poni\u017cej prezentujemy Ci najwa\u017cniejsze informacje o zasadach przetwarzania przez nas Twoich danych<br>osobowych oraz plikach cookies, kt\u00f3re s\u0105 wykorzystywane przez nasz Serwis. Informacje te zosta\u0142y przygotowane z uwzgl\u0119dnieniem RODO, czyli og\u00f3lnego rozporz\u0105dzenia o ochronie danych.<\/h5>\n<h5 class=\"kt-adv-heading_f7af5a-ea wp-block-kadence-advancedheading\" data-kb-block=\"kb-adv-heading_f7af5a-ea\"><strong>Administrator danych<br><\/strong>KORJAR Jaros\u0142aw Piotrowski prowadz\u0105ca dzia\u0142alno\u015b\u0107 gospodarcz\u0105 pod firm\u0105 KORJAR, Jaros\u0142aw Piotrowski, ul. Chrobrego 51, 58-300 Wa\u0142brzych, NIP: 8862551268, REGON: 891366573<\/h5>\n<h5 class=\"kt-adv-heading_cb734e-ee wp-block-kadence-advancedheading\" data-kb-block=\"kb-adv-heading_cb734e-ee\"><strong>Inspektor danych osobowych<br><\/strong>W przypadku wyznaczenia przez nas tego podmiotu, zostaniesz o tym poinformowany w tym miejscu.<\/h5>\n<h5 class=\"kt-adv-heading_a6ab82-c1 wp-block-kadence-advancedheading\" data-kb-block=\"kb-adv-heading_a6ab82-c1\"><strong>Dane osobowe i prywatno\u015b\u0107<br><\/strong>Je\u015bli zamierzasz za\u0142o\u017cy\u0107 konto U\u017cytkownika oraz korzysta\u0107 us\u0142ug, zostaniesz poproszony<br>o podanie nam Twoich danych osobowych.<br>Twoje dane przetwarzane s\u0105 przez nas we wskazanych poni\u017cej celach, zwi\u0105zanych z funkcjonowaniem Serwisu<br>i \u015bwiadczeniem us\u0142ug w nim oferowanych. Us\u0142ugi te mog\u0105 polega\u0107 przede wszystkim na prowadzeniu Twojego<br>konta i udost\u0119pnianiu funkcji z nim zwi\u0105zanych.<\/h5>\n<h5 class=\"kt-adv-heading_77f66d-6c wp-block-kadence-advancedheading\" data-kb-block=\"kb-adv-heading_77f66d-6c\"><strong>Cel przetwarzania<\/strong><\/h5>\n<h5 class=\"kt-adv-heading_889e9e-89 wp-block-kadence-advancedheading\" data-kb-block=\"kb-adv-heading_889e9e-89\">Prowadzenie serwisu www.silownia-walbrzych.pl<\/h5>\n<h5 class=\"kt-adv-heading_3d06d9-69 wp-block-kadence-advancedheading\" data-kb-block=\"kb-adv-heading_3d06d9-69\">szczeg\u00f3lno\u015bci zapewnienie Tobie mo\u017cliwo\u015bci rezerwacji zaj\u0119\u0107 w Studio oraz mo\u017cliwo\u015bci zapisania si\u0119 na nasz<br>newsletter. W ramach serwisu mo\u017cesz r\u00f3wnie\u017c skontaktowa\u0107 si\u0119 z nami za po\u015brednictwem dedykowanego<br>formularza kontaktowego, co ma pozwoli\u0107 na bie\u017c\u0105ce odpowiadanie na Twoje potrzeby i w\u0105tpliwo\u015bci.<\/h5>\n<h5 class=\"kt-adv-heading_941b8f-ff wp-block-kadence-advancedheading\" data-kb-block=\"kb-adv-heading_941b8f-ff\">Twoje dane osobowe przetwarzamy dla naszych cel\u00f3w marketingowych, co oznacza w szczeg\u00f3lno\u015bci<br>promowanie naszej oferty produkt\u00f3w oraz us\u0142ug. W ramach naszego marketingu chcemy m\u00f3c prezentowa\u0107 na<br>naszej stronie dopasowane do Twoich zainteresowa\u0144 oferty oraz promocje. Dodatkowo, b\u0119dziemy<br>wykorzystywa\u0107 Tw\u00f3j adres e-mail oraz numer telefonu w celu komunikowania oferty handlowej naszego Studia.<\/h5>\n<h5 class=\"kt-adv-heading_8aae8a-72 wp-block-kadence-advancedheading\" data-kb-block=\"kb-adv-heading_8aae8a-72\">Twoje dane osobowe przetwarzamy w celu zapewnienia funkcjonalno\u015bci naszego serwisu \u2013 obejmuje to w<\/h5>\n<h5 class=\"kt-adv-heading_bfe5bd-fe wp-block-kadence-advancedheading\" data-kb-block=\"kb-adv-heading_bfe5bd-fe\"><strong>Podstawa przetwarzania danych:<br><\/strong>W zale\u017cno\u015bci od podejmowanych przez Ciebie czynno\u015bci, mog\u0105 to by\u0107:<\/h5>\n<h5 class=\"kt-adv-heading_517f1f-c3 wp-block-kadence-advancedheading\" data-kb-block=\"kb-adv-heading_517f1f-c3\">\u2013 umowa o \u015bwiadczenie us\u0142ug lub dzia\u0142ania podejmowane na Twoje \u017c\u0105danie, zmierzaj\u0105ce do jej zawarcia<br>(art. 6 ust. 1 lit. b RODO),<br>\u2013 ci\u0105\u017c\u0105cy na nas obowi\u0105zek prawny, np. zwi\u0105zany z rachunkowo\u015bci\u0105 (art. 6 ust. 1 lit. c RODO),<br>\u2013 Twoja zgoda wyra\u017cona w Serwisie \u2013 je\u015bli zdecydujesz si\u0119 na jej wyra\u017cenie (art. 6 ust. 1 lit. a RODO),<br>\u2013 nasz prawnie uzasadniony interes, polegaj\u0105cy na przetwarzaniu w celu ustalenia, dochodzenia lub<br>obrony ewentualnych roszcze\u0144 (art. 6 ust. 1 lit. f RODO),<br>\u2013 nasz prawnie uzasadniony interes, polegaj\u0105cy na przetwarzaniu w celu marketingu bezpo\u015bredniego (art.<br>6 ust. 1 lit. f RODO)<\/h5>\n<h5 class=\"kt-adv-heading_23194e-fd wp-block-kadence-advancedheading\" data-kb-block=\"kb-adv-heading_23194e-fd\"><strong>Podanie danych:<br><\/strong>\u2013 dobrowolne, ale w niekt\u00f3rych przypadkach mo\u017ce by\u0107 konieczne do zawarcia umowy;<\/h5>\n<h5 class=\"kt-adv-heading_f4a61d-a7 wp-block-kadence-advancedheading\" data-kb-block=\"kb-adv-heading_f4a61d-a7\"><strong>Skutek niepodania danych<br><\/strong>W zale\u017cno\u015bci od celu, w jakim dane s\u0105 podawane:<\/h5>\n<h5 class=\"kt-adv-heading_b9a820-38 wp-block-kadence-advancedheading\" data-kb-block=\"kb-adv-heading_b9a820-38\">\u2013 brak mo\u017cliwo\u015bci zarejestrowania si\u0119 w Serwisie,<br>\u2013 brak mo\u017cliwo\u015bci korzystania z us\u0142ug Serwisu,<\/h5>\n<h5 class=\"kt-adv-heading_c446df-ce wp-block-kadence-advancedheading\" data-kb-block=\"kb-adv-heading_c446df-ce\"><strong>Mo\u017cliwo\u015b\u0107 cofni\u0119cia zgody \u2013&nbsp;<\/strong>w ka\u017cdej chwili<br>Przetwarzanie danych do momentu cofni\u0119cia przez Ciebie zgody pozostaje zgodne z prawem.<\/h5>\n<h5 class=\"kt-adv-heading_762c21-c8 wp-block-kadence-advancedheading\" data-kb-block=\"kb-adv-heading_762c21-c8\"><strong>Profilowanie<br><\/strong>W zwi\u0105zku z Serwisem mo\u017cemy dokonywa\u0107 profilowania, wykorzystuj\u0105c do tego podane przez Ciebie dane<br>osobowe. Profilowanie to polega przede wszystkim na automatycznej ocenie, jakimi us\u0142ugami mo\u017cesz by\u0107<br>zainteresowany, na podstawie Twoich dotychczasowych dzia\u0142a\u0144, i na wy\u015bwietlaniu profilowanych w ten spos\u00f3b<br>reklam us\u0142ug.<br>Profilowanie, kt\u00f3rego dokonujemy, nie skutkuje podejmowaniem decyzji wywo\u0142uj\u0105cych wobec Ciebie skutki<br>prawne lub wp\u0142ywaj\u0105cych na Ciebie w podobnie istotny spos\u00f3b.<\/h5>\n<h5 class=\"kt-adv-heading_2f37fa-57 wp-block-kadence-advancedheading\" data-kb-block=\"kb-adv-heading_2f37fa-57\"><strong>Okres przetwarzania<br><\/strong>Twoje dane b\u0119dziemy przetwarza\u0107 tylko przez okres, w kt\u00f3rym b\u0119dziemy mie\u0107 ku temu podstaw\u0119 prawn\u0105, a<br>wi\u0119c do momentu, w kt\u00f3rym:<br>\u2013 przestanie ci\u0105\u017cy\u0107 na nas obowi\u0105zek prawny, zobowi\u0105zuj\u0105cy nas do przetwarzania Twoich danych<br>(zw\u0142aszcza zwi\u0105zany z rachunkowo\u015bci\u0105) lub<br>\u2013 ustanie mo\u017cliwo\u015b\u0107 ustalania, dochodzenia lub obrony roszcze\u0144 zwi\u0105zanych z umow\u0105 zawart\u0105 przez<br>Serwis przez strony lub<br>\u2013 cofniesz zgod\u0119 na przetwarzanie danych, je\u015bli to ona by\u0142a jego podstaw\u0105 lub<br>\u2013 uwzgl\u0119dnimy Tw\u00f3j sprzeciw wobec przetwarzania<br>w zale\u017cno\u015bci od tego, co ma zastosowanie w danym przypadku i co nast\u0105pi najp\u00f3\u017aniej.<\/h5>\n<h5 class=\"kt-adv-heading_13e716-fe wp-block-kadence-advancedheading\" data-kb-block=\"kb-adv-heading_13e716-fe\"><strong>Bezpiecze\u0144stwo danych<br><\/strong>Przetwarzaj\u0105c Twoje dane osobowe stosujemy \u015brodki organizacyjne i techniczne zgodne z w\u0142a\u015bciwymi<br>przepisami prawa, w tym stosujemy szyfrowanie po\u0142\u0105czenia za pomoc\u0105 certyfikatu SSL.<\/h5>\n<h5 class=\"kt-adv-heading_884ba4-39 wp-block-kadence-advancedheading\" data-kb-block=\"kb-adv-heading_884ba4-39\"><strong>Twoje uprawnienia<br><\/strong>Ponadto przys\u0142uguje Ci prawo \u017c\u0105dania:<br>\u2013 dost\u0119pu do Twoich danych osobowych,<br>\u2013 ich sprostowania,<br>\u2013 usuni\u0119cia lub<br>\u2013 ograniczenia przetwarzania,<br>\u2013 \u017c\u0105dania przeniesienia danych do innego administratora.<\/h5>\n<h5 class=\"kt-adv-heading_ed4762-c0 wp-block-kadence-advancedheading\" data-kb-block=\"kb-adv-heading_ed4762-c0\">A tak\u017ce prawo:<br>wniesienia w dowolnym momencie sprzeciwu wobec przetwarzania Twoich danych:<\/h5>\n<h5 class=\"kt-adv-heading_fb8517-a6 wp-block-kadence-advancedheading\" data-kb-block=\"kb-adv-heading_fb8517-a6\">\u2013 z przyczyn zwi\u0105zanych z Twoj\u0105 szczeg\u00f3ln\u0105 sytuacj\u0105 \u2013 wobec przetwarzania dotycz\u0105cych Ciebie danych<br>osobowych, opartego na art. 6 ust. 1 lit. f RODO (tj. na prawnie uzasadnionych interesach realizowanych przez<br>administratora), w tym profilowania na podstawie tych przepis\u00f3w,<\/h5>\n<h5 class=\"kt-adv-heading_b5ab91-d7 wp-block-kadence-advancedheading\" data-kb-block=\"kb-adv-heading_b5ab91-d7\">\u2013 je\u017celi dane osobowe s\u0105 przetwarzane na potrzeby marketingu bezpo\u015bredniego, w tym profilowania, w<br>zakresie, w jakim przetwarzanie jest zwi\u0105zane z takim marketingiem bezpo\u015brednim.<\/h5>\n<p><\/p>\n<h5 class=\"kt-adv-heading_f883e8-ac wp-block-kadence-advancedheading\" data-kb-block=\"kb-adv-heading_f883e8-ac\">Skontaktuj si\u0119 z nami, je\u015bli chcesz skorzysta\u0107 ze swoich praw.<br>Je\u015bli uznasz, \u017ce Twoje dane s\u0105 przetwarzane niezgodnie z prawem, mo\u017cesz z\u0142o\u017cy\u0107 skarg\u0119 do organu nadzorczego.<\/h5>\n<h5 class=\"kt-adv-heading_447f82-f2 wp-block-kadence-advancedheading\" data-kb-block=\"kb-adv-heading_447f82-f2\"><strong>Ciasteczka<br>Czym s\u0105 pliki cookies ?<\/strong><\/h5>\n<h5 class=\"kt-adv-heading_6f1b0a-24 wp-block-kadence-advancedheading\" data-kb-block=\"kb-adv-heading_6f1b0a-24\">To niewielkie pliki tekstowe powszechnie stosowane w sieci Internet, przechowywane na Twoim urz\u0105dzeniu<br>ko\u0144cowym. Mo\u017cesz samodzielnie kontrolowa\u0107 spos\u00f3b obs\u0142ugi plik\u00f3w cookies za pomoc\u0105 ustawie\u0144 przegl\u0105darki<br>(mo\u017cliwo\u015b\u0107 ustawienia akceptacji lub blokady plik\u00f3w cookies).<br>Zablokowanie plik\u00f3w cookies mo\u017ce wp\u0142yn\u0105\u0107 na brak mo\u017cliwo\u015bci zarejestrowania si\u0119\/zalogowania si\u0119 na swoje<br>konto w serwisie lub\/i brak mo\u017cliwo\u015bci dokonania zakupu.<\/h5>\n<h5 class=\"kt-adv-heading_f1661e-6f wp-block-kadence-advancedheading\" data-kb-block=\"kb-adv-heading_f1661e-6f\"><strong>Pliki cookies wykorzystujemy w nast\u0119puj\u0105cych celach:<\/strong><br>\u2022 obs\u0142uga logowania \u2013 weryfikacja po\u0142\u0105czenia mi\u0119dzy u\u017cytkownika a naszym serwerem. Sklep nie przechowuje<br>w plikach cookies informacji identyfikuj\u0105cych poszczeg\u00f3lnych u\u017cytkownik\u00f3w a jedynie dane dotycz\u0105ce<br>po\u0142\u0105czenia,<br>\u2022 prezentacja tre\u015bci \u2013 zabezpieczenie przez wy\u015bwietlaniem u\u017cytkownikowi ponownie tych samych tre\u015bci,<br>\u2022 obs\u0142uga formularzy \u2013 zabezpieczenie serwisu przed dzia\u0142aniem robot\u00f3w (program\u00f3w komputerowych<br>s\u0142u\u017c\u0105cych do automatycznego badania zawarto\u015bci serwisu www),<br>\u2022 przedstawianie sprofilowanych ofert,<br>\u2022 statystyka \u2013 budowanie anonimowych statystyk odwiedzin naszego serwisu.<br>Us\u0142ugi zewn\u0119trzne \/ odbiorcy danych<br>W zwi\u0105zku z naszym Serwisem korzystamy z us\u0142ug podmiot\u00f3w zewn\u0119trznych, kt\u00f3rym mog\u0105 by\u0107 przekazywane<br>Twoje dane (wy\u0142\u0105cznie w celach wskazanych w niniejszej polityce).<br>Poni\u017cej znajduje si\u0119 lista mo\u017cliwych odbiorc\u00f3w Twoich danych:<br>\u2013 Osoby wsp\u00f3\u0142pracuj\u0105ce z nami na podstawie um\u00f3w cywilnoprawnych, wspieraj\u0105ce nasz\u0105 bie\u017c\u0105c\u0105 dzia\u0142alno\u015b\u0107<br>\u2013 Dostawca oprogramowania s\u0142u\u017c\u0105cego do komunikacji<br>\u2013 Dostawca oprogramowania CRM<br>\u2013 Podmiot zapewnij\u0105cy us\u0142ugi markietingowe<\/h5>\n<h5 class=\"kt-adv-heading_c3d611-24 wp-block-kadence-advancedheading\" data-kb-block=\"kb-adv-heading_c3d611-24\"><strong>Przekazywanie danych osobowych do Pa\u0144stw spoza Unii Europejskiej<br><\/strong>W zwi\u0105zku z powy\u017cszym, Twoje dane osobowe mog\u0105 by\u0107 przetwarzane r\u00f3wnie\u017c przez podmioty spoza Unii<br>Europejskiej.<\/h5>\n<h5 class=\"kt-adv-heading_3ef208-48 wp-block-kadence-advancedheading\" data-kb-block=\"kb-adv-heading_3ef208-48\"><strong>Kontakt z Administratorem<br><\/strong>Chcesz skorzysta\u0107 ze swoich uprawnie\u0144 dotycz\u0105cych danych osobowych?<br>A mo\u017ce po prostu chcesz zapyta\u0107 o co\u015b zwi\u0105zanego z nasz\u0105 Polityk\u0105 Prywatno\u015bci?<br>Napisz do nas.<\/h5>\t\t\t\t\t<\/div>\n\t\t\t\t\t\t<\/div>\n\t\t\t\t<\/div>\n\t\t\t\t\t\t<\/div>\n\t\t\t\t\t<\/div>\n\t\t<\/div>\n\t\t\t\t\t\t\t\t<\/div>\n\t\t\t\t\t<\/div>\n\t\t<\/section>\n\t\t\t\t\t\t<\/div>\n\t\t\t\t\t\t<\/div>\n\t\t\t\t\t<\/div>\n\t\t","protected":false},"excerpt":{"rendered":"<p>Polityka prywatno\u015bci Dbamy o Twoj\u0105 prywatno\u015b\u0107 i chcemy, aby\u015b w czasie korzystania z naszych us\u0142ug czu\u0142 si\u0119 komfortowo. Dlategote\u017c poni\u017cej prezentujemy Ci najwa\u017cniejsze informacje o zasadach przetwarzania przez nas Twoich danychosobowych oraz<a class=\"moretag\" href=\"https:\/\/silownia-walbrzych.pl\/?page_id=957\">Read More&#8230;<\/a><\/p>\n","protected":false},"author":1,"featured_media":0,"parent":0,"menu_order":0,"comment_status":"closed","ping_status":"closed","template":"","meta":[],"_links":{"self":[{"href":"https:\/\/silownia-walbrzych.pl\/index.php?rest_route=\/wp\/v2\/pages\/957"}],"collection":[{"href":"https:\/\/silownia-walbrzych.pl\/index.php?rest_route=\/wp\/v2\/pages"}],"about":[{"href":"https:\/\/silownia-walbrzych.pl\/index.php?rest_route=\/wp\/v2\/types\/page"}],"author":[{"embeddable":true,"href":"https:\/\/silownia-walbrzych.pl\/index.php?rest_route=\/wp\/v2\/users\/1"}],"replies":[{"embeddable":true,"href":"https:\/\/silownia-walbrzych.pl\/index.php?rest_route=%2Fwp%2Fv2%2Fcomments&post=957"}],"version-history":[{"count":5,"href":"https:\/\/silownia-walbrzych.pl\/index.php?rest_route=\/wp\/v2\/pages\/957\/revisions"}],"predecessor-version":[{"id":963,"href":"https:\/\/silownia-walbrzych.pl\/index.php?rest_route=\/wp\/v2\/pages\/957\/revisions\/963"}],"wp:attachment":[{"href":"https:\/\/silownia-walbrzych.pl\/index.php?rest_route=%2Fwp%2Fv2%2Fmedia&parent=957"}],"curies":[{"name":"wp","href":"https:\/\/api.w.org\/{rel}","templated":true}]}}